{"id":525,"date":"2017-03-08T11:23:10","date_gmt":"2017-03-08T09:23:10","guid":{"rendered":"http:\/\/www.thekevinski.com\/?page_id=525\/"},"modified":"2021-06-08T13:29:19","modified_gmt":"2021-06-08T10:29:19","slug":"contact","status":"publish","type":"page","link":"https:\/\/www.thekevinski.com\/en\/contact\/","title":{"rendered":"Contact"},"content":{"rendered":"<p style=\"text-align: left;\">Tellimiseks v\u00f5i muude k\u00fcsimuste korral saatke e-kiri aadressil <a href=\"mailto:booking@thekevinski.com\">booking@thekevinski.com<\/a> v\u00f5i kasutage allolevat kontaktivormi. Meilidele vastame 24 tunni jooksul.<\/p>\n<p style=\"text-align: left;\">\n<div class=\"wpcf7 no-js\" id=\"wpcf7-f560-o1\" lang=\"et\" dir=\"ltr\" data-wpcf7-id=\"560\">\n<div class=\"screen-reader-response\"><p role=\"status\" aria-live=\"polite\" aria-atomic=\"true\"><\/p> <ul><\/ul><\/div>\n<form action=\"\/en\/wp-json\/wp\/v2\/pages\/525#wpcf7-f560-o1\" method=\"post\" class=\"wpcf7-form init\" aria-label=\"Contact form\" novalidate=\"novalidate\" data-status=\"init\">\n<fieldset class=\"hidden-fields-container\"><input type=\"hidden\" name=\"_wpcf7\" value=\"560\" \/><input type=\"hidden\" name=\"_wpcf7_version\" value=\"6.1.2\" \/><input type=\"hidden\" name=\"_wpcf7_locale\" value=\"et\" \/><input type=\"hidden\" name=\"_wpcf7_unit_tag\" value=\"wpcf7-f560-o1\" \/><input type=\"hidden\" name=\"_wpcf7_container_post\" value=\"0\" \/><input type=\"hidden\" name=\"_wpcf7_posted_data_hash\" value=\"\" \/>\n<\/fieldset>\n<p><label>Name<\/label><br \/>\n<span class=\"wpcf7-form-control-wrap\" data-name=\"your-name\"><input size=\"40\" maxlength=\"400\" class=\"wpcf7-form-control wpcf7-text wpcf7-validates-as-required\" aria-required=\"true\" aria-invalid=\"false\" value=\"\" type=\"text\" name=\"your-name\" \/><\/span>\n<\/p>\n<p><label>Email<\/label><br \/>\n<span class=\"wpcf7-form-control-wrap\" data-name=\"your-email\"><input size=\"40\" maxlength=\"400\" class=\"wpcf7-form-control wpcf7-email wpcf7-validates-as-required wpcf7-text wpcf7-validates-as-email\" aria-required=\"true\" aria-invalid=\"false\" value=\"\" type=\"email\" name=\"your-email\" \/><\/span>\n<\/p>\n<p><label>Message<\/label><br \/>\n<span class=\"wpcf7-form-control-wrap\" data-name=\"your-message\"><textarea cols=\"40\" rows=\"5\" maxlength=\"2000\" class=\"wpcf7-form-control wpcf7-textarea wpcf7-validates-as-required\" aria-required=\"true\" aria-invalid=\"false\" name=\"your-message\"><\/textarea><\/span>\n<\/p>\n<p style=\"text-align: right\"><input class=\"wpcf7-form-control wpcf7-submit has-spinner\" type=\"submit\" value=\"Send\" \/>\n<\/p><input\n                    class=\"apbct_special_field apbct_email_id__wp_contact_form_7\"\n                    name=\"apbct__email_id__wp_contact_form_7\"\n                    aria-label=\"apbct__label_id__wp_contact_form_7\"\n                    type=\"text\" size=\"30\" maxlength=\"200\" autocomplete=\"off\"\n                    value=\"\"\n                \/><div class=\"wpcf7-response-output\" aria-hidden=\"true\"><\/div>\n<\/form>\n<\/div>\n<\/p>\n","protected":false},"excerpt":{"rendered":"<p>Tellimiseks v\u00f5i muude k\u00fcsimuste korral saatke e-kiri aadressil booking@thekevinski.com v\u00f5i kasutage allolevat kontaktivormi. Meilidele vastame 24 tunni jooksul.<\/p>\n","protected":false},"author":1,"featured_media":978,"parent":0,"menu_order":0,"comment_status":"closed","ping_status":"closed","template":"templates\/contact.php","meta":{"_acf_changed":false,"footnotes":""},"class_list":["post-525","page","type-page","status-publish","has-post-thumbnail","hentry"],"acf":[],"yoast_head":"<!-- This site is optimized with the Yoast SEO plugin v26.1.1 - https:\/\/yoast.com\/wordpress\/plugins\/seo\/ -->\n<title>Contact - KEVINSKI<\/title>\n<meta name=\"robots\" content=\"index, follow, max-snippet:-1, max-image-preview:large, max-video-preview:-1\" \/>\n<link rel=\"canonical\" href=\"https:\/\/www.thekevinski.com\/en\/contact\/\" \/>\n<meta property=\"og:locale\" content=\"en_US\" \/>\n<meta property=\"og:type\" content=\"article\" \/>\n<meta property=\"og:title\" content=\"Contact - KEVINSKI\" \/>\n<meta property=\"og:description\" content=\"Tellimiseks v\u00f5i muude k\u00fcsimuste korral saatke e-kiri aadressil booking@thekevinski.com v\u00f5i kasutage allolevat kontaktivormi. Meilidele vastame 24 tunni jooksul.\" \/>\n<meta property=\"og:url\" content=\"https:\/\/www.thekevinski.com\/en\/contact\/\" \/>\n<meta property=\"og:site_name\" content=\"KEVINSKI\" \/>\n<meta property=\"article:publisher\" content=\"https:\/\/www.facebook.com\/thekevinski\" \/>\n<meta property=\"article:modified_time\" content=\"2021-06-08T10:29:19+00:00\" \/>\n<meta property=\"og:image\" content=\"https:\/\/www.thekevinski.com\/2\/wp-content\/uploads\/2017\/01\/kevinski-kontakt-1.jpg\" \/>\n\t<meta property=\"og:image:width\" content=\"1600\" \/>\n\t<meta property=\"og:image:height\" content=\"1066\" \/>\n\t<meta property=\"og:image:type\" content=\"image\/jpeg\" \/>\n<meta name=\"twitter:card\" content=\"summary_large_image\" \/>\n<script type=\"application\/ld+json\" class=\"yoast-schema-graph\">{\"@context\":\"https:\/\/schema.org\",\"@graph\":[{\"@type\":\"WebPage\",\"@id\":\"https:\/\/www.thekevinski.com\/en\/contact\/\",\"url\":\"https:\/\/www.thekevinski.com\/en\/contact\/\",\"name\":\"Contact - KEVINSKI\",\"isPartOf\":{\"@id\":\"https:\/\/www.thekevinski.com\/#website\"},\"primaryImageOfPage\":{\"@id\":\"https:\/\/www.thekevinski.com\/en\/contact\/#primaryimage\"},\"image\":{\"@id\":\"https:\/\/www.thekevinski.com\/en\/contact\/#primaryimage\"},\"thumbnailUrl\":\"https:\/\/www.thekevinski.com\/2\/wp-content\/uploads\/2017\/01\/kevinski-kontakt-1.jpg\",\"datePublished\":\"2017-03-08T09:23:10+00:00\",\"dateModified\":\"2021-06-08T10:29:19+00:00\",\"breadcrumb\":{\"@id\":\"https:\/\/www.thekevinski.com\/en\/contact\/#breadcrumb\"},\"inLanguage\":\"en-US\",\"potentialAction\":[{\"@type\":\"ReadAction\",\"target\":[\"https:\/\/www.thekevinski.com\/en\/contact\/\"]}]},{\"@type\":\"ImageObject\",\"inLanguage\":\"en-US\",\"@id\":\"https:\/\/www.thekevinski.com\/en\/contact\/#primaryimage\",\"url\":\"https:\/\/www.thekevinski.com\/2\/wp-content\/uploads\/2017\/01\/kevinski-kontakt-1.jpg\",\"contentUrl\":\"https:\/\/www.thekevinski.com\/2\/wp-content\/uploads\/2017\/01\/kevinski-kontakt-1.jpg\",\"width\":1600,\"height\":1066,\"caption\":\"mustkunstnik\"},{\"@type\":\"BreadcrumbList\",\"@id\":\"https:\/\/www.thekevinski.com\/en\/contact\/#breadcrumb\",\"itemListElement\":[{\"@type\":\"ListItem\",\"position\":1,\"name\":\"Home\",\"item\":\"https:\/\/www.thekevinski.com\/\"},{\"@type\":\"ListItem\",\"position\":2,\"name\":\"Contact\"}]},{\"@type\":\"WebSite\",\"@id\":\"https:\/\/www.thekevinski.com\/#website\",\"url\":\"https:\/\/www.thekevinski.com\/\",\"name\":\"KEVINSKI\",\"description\":\"\",\"potentialAction\":[{\"@type\":\"SearchAction\",\"target\":{\"@type\":\"EntryPoint\",\"urlTemplate\":\"https:\/\/www.thekevinski.com\/?s={search_term_string}\"},\"query-input\":{\"@type\":\"PropertyValueSpecification\",\"valueRequired\":true,\"valueName\":\"search_term_string\"}}],\"inLanguage\":\"en-US\"}]}<\/script>\n<!-- \/ Yoast SEO plugin. -->","yoast_head_json":{"title":"Contact - KEVINSKI","robots":{"index":"index","follow":"follow","max-snippet":"max-snippet:-1","max-image-preview":"max-image-preview:large","max-video-preview":"max-video-preview:-1"},"canonical":"https:\/\/www.thekevinski.com\/en\/contact\/","og_locale":"en_US","og_type":"article","og_title":"Contact - KEVINSKI","og_description":"Tellimiseks v\u00f5i muude k\u00fcsimuste korral saatke e-kiri aadressil booking@thekevinski.com v\u00f5i kasutage allolevat kontaktivormi. Meilidele vastame 24 tunni jooksul.","og_url":"https:\/\/www.thekevinski.com\/en\/contact\/","og_site_name":"KEVINSKI","article_publisher":"https:\/\/www.facebook.com\/thekevinski","article_modified_time":"2021-06-08T10:29:19+00:00","og_image":[{"width":1600,"height":1066,"url":"https:\/\/www.thekevinski.com\/2\/wp-content\/uploads\/2017\/01\/kevinski-kontakt-1.jpg","type":"image\/jpeg"}],"twitter_card":"summary_large_image","schema":{"@context":"https:\/\/schema.org","@graph":[{"@type":"WebPage","@id":"https:\/\/www.thekevinski.com\/en\/contact\/","url":"https:\/\/www.thekevinski.com\/en\/contact\/","name":"Contact - KEVINSKI","isPartOf":{"@id":"https:\/\/www.thekevinski.com\/#website"},"primaryImageOfPage":{"@id":"https:\/\/www.thekevinski.com\/en\/contact\/#primaryimage"},"image":{"@id":"https:\/\/www.thekevinski.com\/en\/contact\/#primaryimage"},"thumbnailUrl":"https:\/\/www.thekevinski.com\/2\/wp-content\/uploads\/2017\/01\/kevinski-kontakt-1.jpg","datePublished":"2017-03-08T09:23:10+00:00","dateModified":"2021-06-08T10:29:19+00:00","breadcrumb":{"@id":"https:\/\/www.thekevinski.com\/en\/contact\/#breadcrumb"},"inLanguage":"en-US","potentialAction":[{"@type":"ReadAction","target":["https:\/\/www.thekevinski.com\/en\/contact\/"]}]},{"@type":"ImageObject","inLanguage":"en-US","@id":"https:\/\/www.thekevinski.com\/en\/contact\/#primaryimage","url":"https:\/\/www.thekevinski.com\/2\/wp-content\/uploads\/2017\/01\/kevinski-kontakt-1.jpg","contentUrl":"https:\/\/www.thekevinski.com\/2\/wp-content\/uploads\/2017\/01\/kevinski-kontakt-1.jpg","width":1600,"height":1066,"caption":"mustkunstnik"},{"@type":"BreadcrumbList","@id":"https:\/\/www.thekevinski.com\/en\/contact\/#breadcrumb","itemListElement":[{"@type":"ListItem","position":1,"name":"Home","item":"https:\/\/www.thekevinski.com\/"},{"@type":"ListItem","position":2,"name":"Contact"}]},{"@type":"WebSite","@id":"https:\/\/www.thekevinski.com\/#website","url":"https:\/\/www.thekevinski.com\/","name":"KEVINSKI","description":"","potentialAction":[{"@type":"SearchAction","target":{"@type":"EntryPoint","urlTemplate":"https:\/\/www.thekevinski.com\/?s={search_term_string}"},"query-input":{"@type":"PropertyValueSpecification","valueRequired":true,"valueName":"search_term_string"}}],"inLanguage":"en-US"}]}},"_links":{"self":[{"href":"https:\/\/www.thekevinski.com\/en\/wp-json\/wp\/v2\/pages\/525","targetHints":{"allow":["GET"]}}],"collection":[{"href":"https:\/\/www.thekevinski.com\/en\/wp-json\/wp\/v2\/pages"}],"about":[{"href":"https:\/\/www.thekevinski.com\/en\/wp-json\/wp\/v2\/types\/page"}],"author":[{"embeddable":true,"href":"https:\/\/www.thekevinski.com\/en\/wp-json\/wp\/v2\/users\/1"}],"replies":[{"embeddable":true,"href":"https:\/\/www.thekevinski.com\/en\/wp-json\/wp\/v2\/comments?post=525"}],"version-history":[{"count":5,"href":"https:\/\/www.thekevinski.com\/en\/wp-json\/wp\/v2\/pages\/525\/revisions"}],"predecessor-version":[{"id":3475,"href":"https:\/\/www.thekevinski.com\/en\/wp-json\/wp\/v2\/pages\/525\/revisions\/3475"}],"wp:featuredmedia":[{"embeddable":true,"href":"https:\/\/www.thekevinski.com\/en\/wp-json\/wp\/v2\/media\/978"}],"wp:attachment":[{"href":"https:\/\/www.thekevinski.com\/en\/wp-json\/wp\/v2\/media?parent=525"}],"curies":[{"name":"wp","href":"https:\/\/api.w.org\/{rel}","templated":true}]}}